{"id":77,"date":"2022-09-23T17:03:50","date_gmt":"2022-09-23T17:03:50","guid":{"rendered":"https:\/\/atelierkaraka.com\/?page_id=77"},"modified":"2022-10-23T16:29:13","modified_gmt":"2022-10-23T15:29:13","slug":"care-for-your-pieces","status":"publish","type":"page","link":"https:\/\/atelierkaraka.com\/pt\/care-for-your-pieces\/","title":{"rendered":"Cuidados com as pe\u00e7as"},"content":{"rendered":"<p>As nossas pe\u00e7as s\u00e3o pensadas para o dia-a-dia, podendo ser usadas com frequ\u00eancia e sem grandes cuidados especiais. No entanto, se tal como n\u00f3s, te preocupas com o planeta, aumentar o tempo de vida dos produtos \u00e9 essencial. A sustentabilidade de uma pe\u00e7a n\u00e3o est\u00e1 apenas nos materiais e processos de fabrico, est\u00e1 tamb\u00e9m no uso que se faz da mesma. Assim, deixamos algumas sugest\u00f5es que podem ajudar a preservar as pe\u00e7as Karaka, assim como qualquer outra pe\u00e7a t\u00eaxtil.<\/p>\n\n\n\n<h2 class=\"wp-block-heading\">Lava as pe\u00e7as o menor n\u00famero de vezes poss\u00edvel<\/h2>\n\n\n\n<p class=\"sans-serif\">N\u00e3o, n\u00e3o estamos a apelar \u00e0 falta de higiene, apenas que repenses o n\u00famero de vezes que lavas as tuas pe\u00e7as de t\u00eaxteis-lar e vestu\u00e1rio. Cada vez que lavas algo, para al\u00e9m da quantidade de \u00e1gua e da electricidade gasta (no caso de usares m\u00e1quina de lavar roupa), as fibras e as estampagens sofrem agress\u00f5es diminuindo o tempo de vida do produto.<\/p>\n\n\n\n<h2 class=\"wp-block-heading\">Recomenda\u00e7\u00f5es de lavagem<\/h2>\n\n\n\n<p class=\"sans-serif\">As pe\u00e7as com estamparia manual s\u00e3o pass\u00edveis de lavar \u00e0 m\u00e1quina e em conjunto com outras pe\u00e7as de forma a poupar \u00e1gua. Opta sempre por detergente ecol\u00f3gico neutro e nunca ultrapasses os 30\u00baC. As pe\u00e7as de linho devem ser lavadas a frio de forma a preservar o tamanho original. Deixa as pe\u00e7as secarem ao ar livre, pousadas numa superf\u00edcie horizontal no caso do vestu\u00e1rio ou bem abertas e penduradas no caso dos t\u00eaxteis-lar.<\/p>\n\n\n\n<h2 class=\"sans-serif wp-block-heading\">Altera\u00e7\u00f5es ao longo do tempo<\/h2>\n\n\n\n<p class=\"sans-serif\">Com o tempo e quantidade de lavagens, as estampagens podem desbotar um pouco, mas consideramos que isso faz parte da sua beleza e personalidade. Os pr\u00f3prios tecidos ir\u00e3o alterar-se ligeiramente tornando-se mais suaves e soltos. No caso de tecidos com tingimento, principalmente tingimento natural, aconselhamos vivamente evitar a luz solar pois isso ir\u00e1 interferir na cor.<\/p>","protected":false},"excerpt":{"rendered":"<p>Our pieces are conceived for daily life, so that they can be used often and without particular care. However, if you care about the planet like we do, it\u2019s essential to increase the lifespan of products.<\/p>","protected":false},"author":1,"featured_media":805,"parent":0,"menu_order":0,"comment_status":"closed","ping_status":"closed","template":"","meta":{"inline_featured_image":false},"_links":{"self":[{"href":"https:\/\/atelierkaraka.com\/pt\/wp-json\/wp\/v2\/pages\/77"}],"collection":[{"href":"https:\/\/atelierkaraka.com\/pt\/wp-json\/wp\/v2\/pages"}],"about":[{"href":"https:\/\/atelierkaraka.com\/pt\/wp-json\/wp\/v2\/types\/page"}],"author":[{"embeddable":true,"href":"https:\/\/atelierkaraka.com\/pt\/wp-json\/wp\/v2\/users\/1"}],"replies":[{"embeddable":true,"href":"https:\/\/atelierkaraka.com\/pt\/wp-json\/wp\/v2\/comments?post=77"}],"version-history":[{"count":5,"href":"https:\/\/atelierkaraka.com\/pt\/wp-json\/wp\/v2\/pages\/77\/revisions"}],"predecessor-version":[{"id":859,"href":"https:\/\/atelierkaraka.com\/pt\/wp-json\/wp\/v2\/pages\/77\/revisions\/859"}],"wp:featuredmedia":[{"embeddable":true,"href":"https:\/\/atelierkaraka.com\/pt\/wp-json\/wp\/v2\/media\/805"}],"wp:attachment":[{"href":"https:\/\/atelierkaraka.com\/pt\/wp-json\/wp\/v2\/media?parent=77"}],"curies":[{"name":"wp","href":"https:\/\/api.w.org\/{rel}","templated":true}]}}